{"id":1801,"date":"2017-11-17T11:07:11","date_gmt":"2017-11-17T16:07:11","guid":{"rendered":"http:\/\/elevaction.ca\/?page_id=1801"},"modified":"2020-11-24T08:57:46","modified_gmt":"2020-11-24T13:57:46","slug":"contact-elevaction","status":"publish","type":"page","link":"https:\/\/www.elevaction.ca\/en\/contact-elevaction\/","title":{"rendered":"Contact \u00c9l\u00e9vaction"},"content":{"rendered":"\r\n<h1>\u00a0<\/h1>\r\n<p>At \u00c9l\u00e9vaction, you will speak to a caring, attentive member of our team who will <strong>listen to you and give you advice<\/strong>.<br \/>Call us anytime\u2014we are here to help!<\/p>\r\n<h2>Our contact info<\/h2>\r\n<p><strong>\u00c9l\u00e9vaction inc.<\/strong><br \/>5555 route 112<br \/>Ascot Corner (Qu\u00e9bec)<br \/>J0B 1A0 <strong>Telephone<\/strong> +1 819-658-2222<br \/><strong>Toll-free<\/strong> 1 844 353-8228<br \/><strong>Email<\/strong> <a href=\"&#109;&#x61;&#105;&#x6c;&#116;&#x6f;&#58;&#x69;n&#x66;o&#x40;e&#x6c;e&#118;&#x61;&#99;&#x74;&#105;&#x6f;&#110;&#x2e;&#99;&#x61;\">in&#102;&#111;&#64;&#x65;&#x6c;&#x65;&#x76;ac&#116;&#105;&#111;&#x6e;&#x2e;&#x63;&#x61;<\/a><br \/><strong>Fax<\/strong> +1 819-658-2223<\/p>\r\n<p>R.B.Q. 5763-5708-01<\/p>\r\n<p><strong>Monday to Thursday:<\/strong> 8 a.m. to 8 p.m.<br \/><strong>Friday:<\/strong> 8 a.m. to 5 p.m.<br \/><strong>Saturday and Sunday:<\/strong> 8 a.m. to 5 p.m.<\/p>\r\n<p>Call us anytime. If you are unable to reach us, leave us a message and we will get back to you promptly.<\/p>\r\n<h2>CONTACT US<\/h2>\r\n<p><script>\nvar gform;gform||(document.addEventListener(\"gform_main_scripts_loaded\",function(){gform.scriptsLoaded=!0}),document.addEventListener(\"gform\/theme\/scripts_loaded\",function(){gform.themeScriptsLoaded=!0}),window.addEventListener(\"DOMContentLoaded\",function(){gform.domLoaded=!0}),gform={domLoaded:!1,scriptsLoaded:!1,themeScriptsLoaded:!1,isFormEditor:()=>\"function\"==typeof InitializeEditor,callIfLoaded:function(o){return!(!gform.domLoaded||!gform.scriptsLoaded||!gform.themeScriptsLoaded&&!gform.isFormEditor()||(gform.isFormEditor()&&console.warn(\"The use of gform.initializeOnLoaded() is deprecated in the form editor context and will be removed in Gravity Forms 3.1.\"),o(),0))},initializeOnLoaded:function(o){gform.callIfLoaded(o)||(document.addEventListener(\"gform_main_scripts_loaded\",()=>{gform.scriptsLoaded=!0,gform.callIfLoaded(o)}),document.addEventListener(\"gform\/theme\/scripts_loaded\",()=>{gform.themeScriptsLoaded=!0,gform.callIfLoaded(o)}),window.addEventListener(\"DOMContentLoaded\",()=>{gform.domLoaded=!0,gform.callIfLoaded(o)}))},hooks:{action:{},filter:{}},addAction:function(o,r,e,t){gform.addHook(\"action\",o,r,e,t)},addFilter:function(o,r,e,t){gform.addHook(\"filter\",o,r,e,t)},doAction:function(o){gform.doHook(\"action\",o,arguments)},applyFilters:function(o){return gform.doHook(\"filter\",o,arguments)},removeAction:function(o,r){gform.removeHook(\"action\",o,r)},removeFilter:function(o,r,e){gform.removeHook(\"filter\",o,r,e)},addHook:function(o,r,e,t,n){null==gform.hooks[o][r]&&(gform.hooks[o][r]=[]);var d=gform.hooks[o][r];null==n&&(n=r+\"_\"+d.length),gform.hooks[o][r].push({tag:n,callable:e,priority:t=null==t?10:t})},doHook:function(r,o,e){var t;if(e=Array.prototype.slice.call(e,1),null!=gform.hooks[r][o]&&((o=gform.hooks[r][o]).sort(function(o,r){return o.priority-r.priority}),o.forEach(function(o){\"function\"!=typeof(t=o.callable)&&(t=window[t]),\"action\"==r?t.apply(null,e):e[0]=t.apply(null,e)})),\"filter\"==r)return e[0]},removeHook:function(o,r,t,n){var e;null!=gform.hooks[o][r]&&(e=(e=gform.hooks[o][r]).filter(function(o,r,e){return!!(null!=n&&n!=o.tag||null!=t&&t!=o.priority)}),gform.hooks[o][r]=e)}});\n<\/script>\n\n                <div class='gf_browser_gecko gform_wrapper gform_legacy_markup_wrapper gform-theme--no-framework' data-form-theme='legacy' data-form-index='0' id='gform_wrapper_3' ><form method='post' enctype='multipart\/form-data'  id='gform_3'  action='\/en\/wp-json\/wp\/v2\/pages\/1801' data-formid='3' novalidate>\n                        <div class='gform-body gform_body'><ul id='gform_fields_3' class='gform_fields top_label form_sublabel_below description_below validation_below'><li id=\"field_3_8\" class=\"gfield gfield--type-honeypot gform_validation_container field_sublabel_below gfield--has-description field_description_below field_validation_below gfield_visibility_visible\"  ><label class='gfield_label gform-field-label' for='input_3_8'>Name<\/label><div class='ginput_container'><input name='input_8' id='input_3_8' type='text' value='' autocomplete='new-password'\/><\/div><div class='gfield_description' id='gfield_description_3_8'>This field is for validation purposes and should be left unchanged.<\/div><\/li><li id=\"field_3_5\" class=\"gfield gfield--type-text gfield_contains_required field_sublabel_below gfield--no-description field_description_below hidden_label field_validation_below gfield_visibility_visible\"  ><label class='gfield_label gform-field-label screen-reader-text' for='input_3_5'>Name<span class=\"gfield_required\"><span class=\"gfield_required gfield_required_asterisk\">*<\/span><\/span><\/label><div class='ginput_container ginput_container_text'><input name='input_5' id='input_3_5' type='text' value='' class='large'    placeholder='Name' aria-required=\"true\" aria-invalid=\"false\"   \/><\/div><\/li><li id=\"field_3_2\" class=\"gfield gfield--type-email gf_left_half gfield_contains_required field_sublabel_below gfield--no-description field_description_below hidden_label field_validation_below gfield_visibility_visible\"  ><label class='gfield_label gform-field-label' for='input_3_2'>Email<span class=\"gfield_required\"><span class=\"gfield_required gfield_required_asterisk\">*<\/span><\/span><\/label><div class='ginput_container ginput_container_email'>\n                            <input name='input_2' id='input_3_2' type='email' value='' class='large'   placeholder='Email' aria-required=\"true\" aria-invalid=\"false\"  \/>\n                        <\/div><\/li><li id=\"field_3_3\" class=\"gfield gfield--type-phone gf_right_half field_sublabel_below gfield--no-description field_description_below hidden_label field_validation_below gfield_visibility_visible\"  ><label class='gfield_label gform-field-label' for='input_3_3'>Phone<\/label><div class='ginput_container ginput_container_phone'><input name='input_3' id='input_3_3' type='tel' value='' class='large'  placeholder='T\u00e9l\u00e9phone'  aria-invalid=\"false\"   \/><\/div><\/li><li id=\"field_3_6\" class=\"gfield gfield--type-fileupload upload_fichier field_sublabel_below gfield--no-description field_description_below hidden_label field_validation_below gfield_visibility_visible\"  ><label class='gfield_label gform-field-label screen-reader-text' for='gform_browse_button_3_6'><\/label><div class='ginput_container ginput_container_fileupload'><div id='gform_multifile_upload_3_6' data-settings='{&quot;runtimes&quot;:&quot;html5,flash,html4&quot;,&quot;browse_button&quot;:&quot;gform_browse_button_3_6&quot;,&quot;container&quot;:&quot;gform_multifile_upload_3_6&quot;,&quot;drop_element&quot;:&quot;gform_drag_drop_area_3_6&quot;,&quot;filelist&quot;:&quot;gform_preview_3_6&quot;,&quot;unique_names&quot;:true,&quot;file_data_name&quot;:&quot;file&quot;,&quot;url&quot;:&quot;https:\\\/\\\/www.elevaction.ca\\\/en\\\/?gf_page=d9c6d703ed515bf&quot;,&quot;flash_swf_url&quot;:&quot;https:\\\/\\\/www.elevaction.ca\\\/wp-includes\\\/js\\\/plupload\\\/plupload.flash.swf&quot;,&quot;silverlight_xap_url&quot;:&quot;https:\\\/\\\/www.elevaction.ca\\\/wp-includes\\\/js\\\/plupload\\\/plupload.silverlight.xap&quot;,&quot;filters&quot;:{&quot;mime_types&quot;:[{&quot;title&quot;:&quot;Allowed Files&quot;,&quot;extensions&quot;:&quot;*&quot;}],&quot;max_file_size&quot;:&quot;536870912b&quot;},&quot;multipart&quot;:true,&quot;urlstream_upload&quot;:false,&quot;multipart_params&quot;:{&quot;form_id&quot;:3,&quot;field_id&quot;:6,&quot;_gform_file_upload_nonce_3_6&quot;:&quot;4942495dcd&quot;},&quot;gf_vars&quot;:{&quot;max_files&quot;:0,&quot;message_id&quot;:&quot;gform_multifile_messages_3_6&quot;,&quot;disallowed_extensions&quot;:[&quot;php&quot;,&quot;asp&quot;,&quot;aspx&quot;,&quot;cmd&quot;,&quot;csh&quot;,&quot;bat&quot;,&quot;html&quot;,&quot;htm&quot;,&quot;hta&quot;,&quot;jar&quot;,&quot;exe&quot;,&quot;com&quot;,&quot;js&quot;,&quot;lnk&quot;,&quot;htaccess&quot;,&quot;phar&quot;,&quot;phtml&quot;,&quot;ps1&quot;,&quot;ps2&quot;,&quot;php3&quot;,&quot;php4&quot;,&quot;php5&quot;,&quot;php6&quot;,&quot;py&quot;,&quot;rb&quot;,&quot;tmp&quot;]}}' class='gform_fileupload_multifile'>\n\t\t\t\t\t\t\t\t\t\t<div id='gform_drag_drop_area_3_6' class='gform_drop_area gform-theme-field-control'>\n\t\t\t\t\t\t\t\t\t\t\t<span class='gform_drop_instructions'>Drop files here or <\/span>\n\t\t\t\t\t\t\t\t\t\t\t<button type='button' id='gform_browse_button_3_6' class='button gform_button_select_files gform-theme-button gform-theme-button--control' aria-describedby=\"gfield_upload_rules_3_6\"  >Select files<\/button>\n\t\t\t\t\t\t\t\t\t\t<\/div>\n\t\t\t\t\t\t\t\t\t<\/div><span class='gfield_description gform_fileupload_rules' id='gfield_upload_rules_3_6'>Max. file size: 512 MB.<\/span><ul class='validation_message--hidden-on-empty gform-ul-reset' id='gform_multifile_messages_3_6'><\/ul> <div id='gform_preview_3_6' class='ginput_preview_list'><\/div><\/div><\/li><li id=\"field_3_4\" class=\"gfield gfield--type-textarea field_sublabel_below gfield--no-description field_description_below hidden_label field_validation_below gfield_visibility_visible\"  ><label class='gfield_label gform-field-label screen-reader-text' for='input_3_4'>Your message<\/label><div class='ginput_container ginput_container_textarea'><textarea name='input_4' id='input_3_4' class='textarea large'    placeholder='Your message'  aria-invalid=\"false\"   rows='10' cols='50'><\/textarea><\/div><\/li><li id=\"field_3_7\" class=\"gfield gfield--type-captcha field_sublabel_below gfield--no-description field_description_below field_validation_below gfield_visibility_visible\"  ><label class='gfield_label gform-field-label' for='input_3_7'>CAPTCHA<\/label><div id='input_3_7' class='ginput_container ginput_recaptcha' data-sitekey='6LfXM6YUAAAAANa5CK6oIb1MU8BwZFIgnS0sJ0Ot'  data-theme='light' data-tabindex='0'  data-badge=''><\/div><\/li><\/ul><\/div>\n        <div class='gform-footer gform_footer top_label'> <input type='submit' id='gform_submit_button_3' class='gform_button button' onclick='gform.submission.handleButtonClick(this);' data-submission-type='submit' value='Send'  \/> \n            <input type='hidden' class='gform_hidden' name='gform_submission_method' data-js='gform_submission_method_3' value='postback' \/>\n            <input type='hidden' class='gform_hidden' name='gform_theme' data-js='gform_theme_3' id='gform_theme_3' value='legacy' \/>\n            <input type='hidden' class='gform_hidden' name='gform_style_settings' data-js='gform_style_settings_3' id='gform_style_settings_3' value='[]' \/>\n            <input type='hidden' class='gform_hidden' name='is_submit_3' value='1' \/>\n            <input type='hidden' class='gform_hidden' name='gform_submit' value='3' \/>\n            \n            <input type='hidden' class='gform_hidden' name='gform_currency' data-currency='CAD' value='904v1I4a9r4Q6UHDKea2NTdRPGDAYnmUJ4sA4F6g7y7yZ55rGJx+iEI8Wr\/XjZTwA+38fsnQxPeIWpMqWpeeGYTr8PG8ClqFRjx1NyTsCWJhMIc=' \/>\n            <input type='hidden' class='gform_hidden' name='gform_unique_id' value='' \/>\n            <input type='hidden' class='gform_hidden' name='state_3' value='WyJbXSIsIjBkMDdlMjQ2NTEyZDgxNDlkYzA1MWE4NWUzYzlmNDk0Il0=' \/>\n            <input type='hidden' autocomplete='off' class='gform_hidden' name='gform_target_page_number_3' id='gform_target_page_number_3' value='0' \/>\n            <input type='hidden' autocomplete='off' class='gform_hidden' name='gform_source_page_number_3' id='gform_source_page_number_3' value='1' \/>\n            <input type='hidden' name='gform_field_values' value='' \/>\n            <input type='hidden' name='gform_uploaded_files' id='gform_uploaded_files_3' value='' \/>\n        <\/div>\n                        <p style=\"display: none !important;\" class=\"akismet-fields-container\" data-prefix=\"ak_\"><label>&#916;<textarea name=\"ak_hp_textarea\" cols=\"45\" rows=\"8\" maxlength=\"100\"><\/textarea><\/label><input type=\"hidden\" id=\"ak_js_1\" name=\"ak_js\" value=\"117\"\/><script>document.getElementById( \"ak_js_1\" ).setAttribute( \"value\", ( new Date() ).getTime() );<\/script><\/p><\/form>\n                        <\/div><script>\ngform.initializeOnLoaded( function() {gformInitSpinner( 3, 'https:\/\/www.elevaction.ca\/wp-content\/plugins\/gravityforms\/images\/spinner.svg', true );jQuery('#gform_ajax_frame_3').on('load',function(){var contents = jQuery(this).contents().find('*').html();var is_postback = contents.indexOf('GF_AJAX_POSTBACK') >= 0;if(!is_postback){return;}var form_content = jQuery(this).contents().find('#gform_wrapper_3');var is_confirmation = jQuery(this).contents().find('#gform_confirmation_wrapper_3').length > 0;var is_redirect = contents.indexOf('gformRedirect(){') >= 0;var is_form = form_content.length > 0 && ! is_redirect && ! is_confirmation;var mt = parseInt(jQuery('html').css('margin-top'), 10) + parseInt(jQuery('body').css('margin-top'), 10) + 100;if(is_form){jQuery('#gform_wrapper_3').html(form_content.html());if(form_content.hasClass('gform_validation_error')){jQuery('#gform_wrapper_3').addClass('gform_validation_error');} else {jQuery('#gform_wrapper_3').removeClass('gform_validation_error');}setTimeout( function() { \/* delay the scroll by 50 milliseconds to fix a bug in chrome *\/  }, 50 );if(window['gformInitDatepicker']) {gformInitDatepicker();}if(window['gformInitPriceFields']) {gformInitPriceFields();}var current_page = jQuery('#gform_source_page_number_3').val();gformInitSpinner( 3, 'https:\/\/www.elevaction.ca\/wp-content\/plugins\/gravityforms\/images\/spinner.svg', true );jQuery(document).trigger('gform_page_loaded', [3, current_page]);window['gf_submitting_3'] = false;}else if(!is_redirect){var confirmation_content = jQuery(this).contents().find('.GF_AJAX_POSTBACK').html();if(!confirmation_content){confirmation_content = contents;}jQuery('#gform_wrapper_3').replaceWith(confirmation_content);jQuery(document).trigger('gform_confirmation_loaded', [3]);window['gf_submitting_3'] = false;wp.a11y.speak(jQuery('#gform_confirmation_message_3').text());}else{jQuery('#gform_3').append(contents);if(window['gformRedirect']) {gformRedirect();}}jQuery(document).trigger(\"gform_pre_post_render\", [{ formId: \"3\", currentPage: \"current_page\", abort: function() { this.preventDefault(); } }]);        if (event && event.defaultPrevented) {                return;        }        const gformWrapperDiv = document.getElementById( \"gform_wrapper_3\" );        if ( gformWrapperDiv ) {            const visibilitySpan = document.createElement( \"span\" );            visibilitySpan.id = \"gform_visibility_test_3\";            gformWrapperDiv.insertAdjacentElement( \"afterend\", visibilitySpan );        }        const visibilityTestDiv = document.getElementById( \"gform_visibility_test_3\" );        let postRenderFired = false;        function triggerPostRender() {            if ( postRenderFired ) {                return;            }            postRenderFired = true;            gform.core.triggerPostRenderEvents( 3, current_page );            if ( visibilityTestDiv ) {                visibilityTestDiv.parentNode.removeChild( visibilityTestDiv );            }        }        function debounce( func, wait, immediate ) {            var timeout;            return function() {                var context = this, args = arguments;                var later = function() {                    timeout = null;                    if ( !immediate ) func.apply( context, args );                };                var callNow = immediate && !timeout;                clearTimeout( timeout );                timeout = setTimeout( later, wait );                if ( callNow ) func.apply( context, args );            };        }        const debouncedTriggerPostRender = debounce( function() {            triggerPostRender();        }, 200 );        if ( visibilityTestDiv && visibilityTestDiv.offsetParent === null ) {            const observer = new MutationObserver( ( mutations ) => {                mutations.forEach( ( mutation ) => {                    if ( mutation.type === 'attributes' && visibilityTestDiv.offsetParent !== null ) {                        debouncedTriggerPostRender();                        observer.disconnect();                    }                });            });            observer.observe( document.body, {                attributes: true,                childList: false,                subtree: true,                attributeFilter: [ 'style', 'class' ],            });        } else {            triggerPostRender();        }    } );} );\n<\/script>\n <iframe src=\"https:\/\/www.google.com\/maps\/embed\/v1\/place?q=Elevaction%0A5555+QC-112%2C+Ascot+Corner%2C+QC+J0B+1A0&amp;key=AIzaSyD09zQ9PNDNNy9TadMuzRV_UsPUoWKntt8\" aria-hidden=\"true\"><\/iframe><\/p>\r\n","protected":false},"excerpt":{"rendered":"<p>\u00a0 At \u00c9l\u00e9vaction, you will speak to a caring, attentive member of our team who will listen to you and give you advice.Call us anytime\u2014we are here to help! Our contact info \u00c9l\u00e9vaction inc.5555 route 112Ascot Corner (Qu\u00e9bec)J0B 1A0 Telephone +1 819-658-2222Toll-free 1 844 353-8228Email &#x69;&#x6e;&#102;&#111;&#64;e&#x6c;&#x65;&#x76;&#97;ct&#x69;&#x6f;&#x6e;&#46;&#99;aFax +1 819-658-2223 R.B.Q. 5763-5708-01 Monday to Thursday: 8 a.m. &#8230; <a title=\"Contact \u00c9l\u00e9vaction\" class=\"read-more\" href=\"https:\/\/www.elevaction.ca\/en\/contact-elevaction\/\" aria-label=\"Read more about Contact \u00c9l\u00e9vaction\">Read more<\/a><\/p>\n","protected":false},"author":1,"featured_media":0,"parent":0,"menu_order":0,"comment_status":"closed","ping_status":"closed","template":"","meta":{"_seopress_robots_primary_cat":"","_seopress_titles_title":"Contact Us %%sep%% %%sitetitle%%","_seopress_titles_desc":"Don&#039;t hesitate to get in touch with any questions or concerns. We are passionate about helping you find mobility solutions tailored to your needs. ","_seopress_robots_index":"","footnotes":""},"class_list":["post-1801","page","type-page","status-publish"],"_links":{"self":[{"href":"https:\/\/www.elevaction.ca\/en\/wp-json\/wp\/v2\/pages\/1801","targetHints":{"allow":["GET"]}}],"collection":[{"href":"https:\/\/www.elevaction.ca\/en\/wp-json\/wp\/v2\/pages"}],"about":[{"href":"https:\/\/www.elevaction.ca\/en\/wp-json\/wp\/v2\/types\/page"}],"author":[{"embeddable":true,"href":"https:\/\/www.elevaction.ca\/en\/wp-json\/wp\/v2\/users\/1"}],"replies":[{"embeddable":true,"href":"https:\/\/www.elevaction.ca\/en\/wp-json\/wp\/v2\/comments?post=1801"}],"version-history":[{"count":5,"href":"https:\/\/www.elevaction.ca\/en\/wp-json\/wp\/v2\/pages\/1801\/revisions"}],"predecessor-version":[{"id":2278,"href":"https:\/\/www.elevaction.ca\/en\/wp-json\/wp\/v2\/pages\/1801\/revisions\/2278"}],"wp:attachment":[{"href":"https:\/\/www.elevaction.ca\/en\/wp-json\/wp\/v2\/media?parent=1801"}],"curies":[{"name":"wp","href":"https:\/\/api.w.org\/{rel}","templated":true}]}}